{"id":22,"date":"2024-06-20T08:26:45","date_gmt":"2024-06-20T08:26:45","guid":{"rendered":"https:\/\/hotelmarinafazana.com\/?page_id=22"},"modified":"2025-07-05T07:47:32","modified_gmt":"2025-07-05T07:47:32","slug":"impresum","status":"publish","type":"page","link":"https:\/\/hotelmarinafazana.com\/hr\/impressum\/","title":{"rendered":"Impresum"},"content":{"rendered":"\t\t<div data-elementor-type=\"wp-page\" data-elementor-id=\"22\" class=\"elementor elementor-22\" data-elementor-post-type=\"page\">\n\t\t\t\t<div class=\"elementor-element elementor-element-6c945d02 animated-slow e-flex e-con-boxed elementor-invisible e-con e-parent\" data-id=\"6c945d02\" data-element_type=\"container\" data-e-type=\"container\" data-settings=\"{&quot;animation&quot;:&quot;fadeIn&quot;,&quot;motion_fx_motion_fx_scrolling&quot;:&quot;yes&quot;,&quot;background_background&quot;:&quot;classic&quot;,&quot;motion_fx_devices&quot;:[&quot;desktop&quot;,&quot;tablet&quot;,&quot;mobile&quot;]}\">\n\t\t\t\t\t<div class=\"e-con-inner\">\n\t\t<div class=\"elementor-element elementor-element-3b5f9aa7 e-con-full e-flex e-con e-child\" data-id=\"3b5f9aa7\" data-element_type=\"container\" data-e-type=\"container\">\n\t\t\t\t<div class=\"elementor-element elementor-element-4d03595d elementor-widget elementor-widget-text-editor\" data-id=\"4d03595d\" data-element_type=\"widget\" data-e-type=\"widget\" data-widget_type=\"text-editor.default\">\n\t\t\t\t<div class=\"elementor-widget-container\">\n\t\t\t\t\t\t\t\t\t<p>HOTEL MARINA<\/p>\t\t\t\t\t\t\t\t<\/div>\n\t\t\t\t<\/div>\n\t\t\t\t<div class=\"elementor-element elementor-element-7af7792c elementor-widget__width-initial elementor-widget elementor-widget-heading\" data-id=\"7af7792c\" data-element_type=\"widget\" data-e-type=\"widget\" data-widget_type=\"heading.default\">\n\t\t\t\t<div class=\"elementor-widget-container\">\n\t\t\t\t\t<h1 class=\"elementor-heading-title elementor-size-default\">Impressum<\/h1>\t\t\t\t<\/div>\n\t\t\t\t<\/div>\n\t\t\t\t<\/div>\n\t\t\t\t\t<\/div>\n\t\t\t\t<\/div>\n\t\t<div class=\"elementor-element elementor-element-a55b061 e-flex e-con-boxed e-con e-parent\" data-id=\"a55b061\" data-element_type=\"container\" data-e-type=\"container\">\n\t\t\t\t\t<div class=\"e-con-inner\">\n\t\t<div class=\"elementor-element elementor-element-a849fad e-con-full e-flex e-con e-child\" data-id=\"a849fad\" data-element_type=\"container\" data-e-type=\"container\">\n\t\t\t\t<div class=\"elementor-element elementor-element-0a37d58 elementor-widget elementor-widget-text-editor\" data-id=\"0a37d58\" data-element_type=\"widget\" data-e-type=\"widget\" data-widget_type=\"text-editor.default\">\n\t\t\t\t<div class=\"elementor-widget-container\">\n\t\t\t\t\t\t\t\t\t<p>Name<\/p>\t\t\t\t\t\t\t\t<\/div>\n\t\t\t\t<\/div>\n\t\t\t\t<div class=\"elementor-element elementor-element-01dda1c elementor-widget elementor-widget-heading\" data-id=\"01dda1c\" data-element_type=\"widget\" data-e-type=\"widget\" data-widget_type=\"heading.default\">\n\t\t\t\t<div class=\"elementor-widget-container\">\n\t\t\t\t\t<h2 class=\"elementor-heading-title elementor-size-default\">TERRA REX dru\u0161tvo s ograni\u010denom odgovorno\u0161\u0107u za proizvodnju, trgovinu, usluge i turisti\u010dka agencija<\/h2>\t\t\t\t<\/div>\n\t\t\t\t<\/div>\n\t\t\t\t<\/div>\n\t\t<div class=\"elementor-element elementor-element-0223205 e-con-full e-flex e-con e-child\" data-id=\"0223205\" data-element_type=\"container\" data-e-type=\"container\">\n\t\t\t\t<div class=\"elementor-element elementor-element-1d5759c elementor-widget elementor-widget-text-editor\" data-id=\"1d5759c\" data-element_type=\"widget\" data-e-type=\"widget\" data-widget_type=\"text-editor.default\">\n\t\t\t\t<div class=\"elementor-widget-container\">\n\t\t\t\t\t\t\t\t\t<p><span style=\"white-space-collapse: preserve;\">Address<\/span><\/p>\t\t\t\t\t\t\t\t<\/div>\n\t\t\t\t<\/div>\n\t\t\t\t<div class=\"elementor-element elementor-element-ee9ea5e elementor-widget elementor-widget-heading\" data-id=\"ee9ea5e\" data-element_type=\"widget\" data-e-type=\"widget\" data-widget_type=\"heading.default\">\n\t\t\t\t<div class=\"elementor-widget-container\">\n\t\t\t\t\t<h2 class=\"elementor-heading-title elementor-size-default\">Trg Stare \u0161kole - Piazza Scuola vecchia 2, Fa\u017eana<\/h2>\t\t\t\t<\/div>\n\t\t\t\t<\/div>\n\t\t\t\t<\/div>\n\t\t<div class=\"elementor-element elementor-element-50b2a0a e-con-full e-flex e-con e-child\" data-id=\"50b2a0a\" data-element_type=\"container\" data-e-type=\"container\">\n\t\t\t\t<div class=\"elementor-element elementor-element-da3270c elementor-widget elementor-widget-text-editor\" data-id=\"da3270c\" data-element_type=\"widget\" data-e-type=\"widget\" data-widget_type=\"text-editor.default\">\n\t\t\t\t<div class=\"elementor-widget-container\">\n\t\t\t\t\t\t\t\t\t<p><span style=\"white-space-collapse: preserve;\">Company registered in<\/span><\/p>\t\t\t\t\t\t\t\t<\/div>\n\t\t\t\t<\/div>\n\t\t\t\t<div class=\"elementor-element elementor-element-f76656f elementor-widget elementor-widget-heading\" data-id=\"f76656f\" data-element_type=\"widget\" data-e-type=\"widget\" data-widget_type=\"heading.default\">\n\t\t\t\t<div class=\"elementor-widget-container\">\n\t\t\t\t\t<h2 class=\"elementor-heading-title elementor-size-default\">Trgova\u010dki sud u Pazinu<\/h2>\t\t\t\t<\/div>\n\t\t\t\t<\/div>\n\t\t\t\t<\/div>\n\t\t<div class=\"elementor-element elementor-element-de88f21 e-con-full e-flex e-con e-child\" data-id=\"de88f21\" data-element_type=\"container\" data-e-type=\"container\">\n\t\t\t\t<div class=\"elementor-element elementor-element-bbcab09 elementor-widget elementor-widget-text-editor\" data-id=\"bbcab09\" data-element_type=\"widget\" data-e-type=\"widget\" data-widget_type=\"text-editor.default\">\n\t\t\t\t<div class=\"elementor-widget-container\">\n\t\t\t\t\t\t\t\t\t<p><span style=\"white-space-collapse: preserve;\">Registration number<\/span><\/p>\t\t\t\t\t\t\t\t<\/div>\n\t\t\t\t<\/div>\n\t\t\t\t<div class=\"elementor-element elementor-element-b128a7a elementor-widget elementor-widget-heading\" data-id=\"b128a7a\" data-element_type=\"widget\" data-e-type=\"widget\" data-widget_type=\"heading.default\">\n\t\t\t\t<div class=\"elementor-widget-container\">\n\t\t\t\t\t<h2 class=\"elementor-heading-title elementor-size-default\">080647803<\/h2>\t\t\t\t<\/div>\n\t\t\t\t<\/div>\n\t\t\t\t<\/div>\n\t\t<div class=\"elementor-element elementor-element-6d101b9 e-con-full e-flex e-con e-child\" data-id=\"6d101b9\" data-element_type=\"container\" data-e-type=\"container\">\n\t\t\t\t<div class=\"elementor-element elementor-element-dc42c54 elementor-widget elementor-widget-text-editor\" data-id=\"dc42c54\" data-element_type=\"widget\" data-e-type=\"widget\" data-widget_type=\"text-editor.default\">\n\t\t\t\t<div class=\"elementor-widget-container\">\n\t\t\t\t\t\t\t\t\t<p><span style=\"white-space-collapse: preserve;\">OIB<\/span><\/p>\t\t\t\t\t\t\t\t<\/div>\n\t\t\t\t<\/div>\n\t\t\t\t<div class=\"elementor-element elementor-element-27f7032 elementor-widget elementor-widget-heading\" data-id=\"27f7032\" data-element_type=\"widget\" data-e-type=\"widget\" data-widget_type=\"heading.default\">\n\t\t\t\t<div class=\"elementor-widget-container\">\n\t\t\t\t\t<h2 class=\"elementor-heading-title elementor-size-default\">15123395675<\/h2>\t\t\t\t<\/div>\n\t\t\t\t<\/div>\n\t\t\t\t<\/div>\n\t\t<div class=\"elementor-element elementor-element-b91c4f3 e-con-full e-flex e-con e-child\" data-id=\"b91c4f3\" data-element_type=\"container\" data-e-type=\"container\">\n\t\t\t\t<div class=\"elementor-element elementor-element-9b9b364 elementor-widget elementor-widget-text-editor\" data-id=\"9b9b364\" data-element_type=\"widget\" data-e-type=\"widget\" data-widget_type=\"text-editor.default\">\n\t\t\t\t<div class=\"elementor-widget-container\">\n\t\t\t\t\t\t\t\t\t<p><span style=\"white-space-collapse: preserve;\">Share capital<\/span><\/p>\t\t\t\t\t\t\t\t<\/div>\n\t\t\t\t<\/div>\n\t\t\t\t<div class=\"elementor-element elementor-element-e48cf38 elementor-widget elementor-widget-heading\" data-id=\"e48cf38\" data-element_type=\"widget\" data-e-type=\"widget\" data-widget_type=\"heading.default\">\n\t\t\t\t<div class=\"elementor-widget-container\">\n\t\t\t\t\t<h2 class=\"elementor-heading-title elementor-size-default\">Temeljni kapital: \u20ac 311.890<\/h2>\t\t\t\t<\/div>\n\t\t\t\t<\/div>\n\t\t\t\t<\/div>\n\t\t<div class=\"elementor-element elementor-element-c35ef52 e-con-full e-flex e-con e-child\" data-id=\"c35ef52\" data-element_type=\"container\" data-e-type=\"container\">\n\t\t\t\t<div class=\"elementor-element elementor-element-9353ab9 elementor-widget elementor-widget-text-editor\" data-id=\"9353ab9\" data-element_type=\"widget\" data-e-type=\"widget\" data-widget_type=\"text-editor.default\">\n\t\t\t\t<div class=\"elementor-widget-container\">\n\t\t\t\t\t\t\t\t\t<p><span style=\"white-space-collapse: preserve;\">Representative<\/span><\/p>\t\t\t\t\t\t\t\t<\/div>\n\t\t\t\t<\/div>\n\t\t\t\t<div class=\"elementor-element elementor-element-5d0faa1 elementor-widget elementor-widget-heading\" data-id=\"5d0faa1\" data-element_type=\"widget\" data-e-type=\"widget\" data-widget_type=\"heading.default\">\n\t\t\t\t<div class=\"elementor-widget-container\">\n\t\t\t\t\t<h2 class=\"elementor-heading-title elementor-size-default\">Ana D\u017eombi\u0107<br \/>\nMej D\u017eombi\u0107 Popovi\u0107\n<\/h2>\t\t\t\t<\/div>\n\t\t\t\t<\/div>\n\t\t\t\t<\/div>\n\t\t\t\t\t<\/div>\n\t\t\t\t<\/div>\n\t\t<div class=\"elementor-element elementor-element-7661aae4 e-con-full e-flex e-con e-parent\" data-id=\"7661aae4\" data-element_type=\"container\" data-e-type=\"container\" data-settings=\"{&quot;background_background&quot;:&quot;classic&quot;}\">\n\t\t<div class=\"elementor-element elementor-element-64502303 e-con-full e-flex e-con e-child\" data-id=\"64502303\" data-element_type=\"container\" data-e-type=\"container\">\n\t\t<div class=\"elementor-element elementor-element-66f13324 e-con-full e-flex e-con e-child\" data-id=\"66f13324\" data-element_type=\"container\" data-e-type=\"container\">\n\t\t\t\t<div class=\"elementor-element elementor-element-6d8b8dac elementor-invisible elementor-widget elementor-widget-text-editor\" data-id=\"6d8b8dac\" data-element_type=\"widget\" data-e-type=\"widget\" data-settings=\"{&quot;_animation&quot;:&quot;fadeInUp&quot;}\" data-widget_type=\"text-editor.default\">\n\t\t\t\t<div class=\"elementor-widget-container\">\n\t\t\t\t\t\t\t\t\t<p>SEASIDE HOTEL<\/p>\t\t\t\t\t\t\t\t<\/div>\n\t\t\t\t<\/div>\n\t\t\t\t<div class=\"elementor-element elementor-element-24888522 elementor-widget-tablet__width-inherit elementor-widget elementor-widget-heading\" data-id=\"24888522\" data-element_type=\"widget\" data-e-type=\"widget\" data-widget_type=\"heading.default\">\n\t\t\t\t<div class=\"elementor-widget-container\">\n\t\t\t\t\t<h2 class=\"elementor-heading-title elementor-size-default\">Do you have specific questions or prefer a personalised quote?<\/h2>\t\t\t\t<\/div>\n\t\t\t\t<\/div>\n\t\t\t\t<div class=\"elementor-element elementor-element-52273eaf elementor-widget__width-initial elementor-widget elementor-widget-text-editor\" data-id=\"52273eaf\" data-element_type=\"widget\" data-e-type=\"widget\" data-widget_type=\"text-editor.default\">\n\t\t\t\t<div class=\"elementor-widget-container\">\n\t\t\t\t\t\t\t\t\t<p><span style=\"white-space-collapse: preserve;\">Call us or send us an inquiry and we will respond as soon as possible.<\/span><\/p>\t\t\t\t\t\t\t\t<\/div>\n\t\t\t\t<\/div>\n\t\t<div class=\"elementor-element elementor-element-2cba1409 e-con-full e-flex e-con e-child\" data-id=\"2cba1409\" data-element_type=\"container\" data-e-type=\"container\">\n\t\t\t\t<div class=\"elementor-element elementor-element-4719021c elementor-widget elementor-widget-global elementor-global-100 elementor-widget-button\" data-id=\"4719021c\" data-element_type=\"widget\" data-e-type=\"widget\" data-widget_type=\"button.default\">\n\t\t\t\t<div class=\"elementor-widget-container\">\n\t\t\t\t\t\t\t\t\t<div class=\"elementor-button-wrapper\">\n\t\t\t\t\t<a class=\"elementor-button elementor-button-link elementor-size-sm\" href=\"https:\/\/hotelmarinafazana.book.rentl.io\/\" target=\"_blank\">\n\t\t\t\t\t\t<span class=\"elementor-button-content-wrapper\">\n\t\t\t\t\t\t\t\t\t<span class=\"elementor-button-text\">Book now<\/span>\n\t\t\t\t\t<\/span>\n\t\t\t\t\t<\/a>\n\t\t\t\t<\/div>\n\t\t\t\t\t\t\t\t<\/div>\n\t\t\t\t<\/div>\n\t\t\t\t<div class=\"elementor-element elementor-element-3347c629 elementor-widget elementor-widget-button\" data-id=\"3347c629\" data-element_type=\"widget\" data-e-type=\"widget\" data-widget_type=\"button.default\">\n\t\t\t\t<div class=\"elementor-widget-container\">\n\t\t\t\t\t\t\t\t\t<div class=\"elementor-button-wrapper\">\n\t\t\t\t\t<a class=\"elementor-button elementor-button-link elementor-size-sm\" href=\"https:\/\/hotelmarinafazana.com\/contact\/\">\n\t\t\t\t\t\t<span class=\"elementor-button-content-wrapper\">\n\t\t\t\t\t\t\t\t\t<span class=\"elementor-button-text\">Contact us<\/span>\n\t\t\t\t\t<\/span>\n\t\t\t\t\t<\/a>\n\t\t\t\t<\/div>\n\t\t\t\t\t\t\t\t<\/div>\n\t\t\t\t<\/div>\n\t\t\t\t<\/div>\n\t\t\t\t<div class=\"elementor-element elementor-element-7eee72ee elementor-widget__width-initial elementor-widget elementor-widget-text-editor\" data-id=\"7eee72ee\" data-element_type=\"widget\" data-e-type=\"widget\" data-widget_type=\"text-editor.default\">\n\t\t\t\t<div class=\"elementor-widget-container\">\n\t\t\t\t\t\t\t\t\t<p><span style=\"white-space-collapse: preserve;\">or<\/span><\/p>\t\t\t\t\t\t\t\t<\/div>\n\t\t\t\t<\/div>\n\t\t<div class=\"elementor-element elementor-element-e9ac5c6 e-con-full e-flex e-con e-child\" data-id=\"e9ac5c6\" data-element_type=\"container\" data-e-type=\"container\">\n\t\t\t\t<div class=\"elementor-element elementor-element-293687a elementor-widget elementor-widget-heading\" data-id=\"293687a\" data-element_type=\"widget\" data-e-type=\"widget\" data-widget_type=\"heading.default\">\n\t\t\t\t<div class=\"elementor-widget-container\">\n\t\t\t\t\t<p class=\"elementor-heading-title elementor-size-default\"><a href=\"tel:+385919138899\">call us: +385 91 913 88 99<\/a><\/p>\t\t\t\t<\/div>\n\t\t\t\t<\/div>\n\t\t\t\t<div class=\"elementor-element elementor-element-1403e3a elementor-widget elementor-widget-heading\" data-id=\"1403e3a\" data-element_type=\"widget\" data-e-type=\"widget\" data-widget_type=\"heading.default\">\n\t\t\t\t<div class=\"elementor-widget-container\">\n\t\t\t\t\t<p class=\"elementor-heading-title elementor-size-default\"><a href=\"mailto:fazanahotelmarina@gmail.com%20%20\"><span style=\"text-align: center\">email: fazanahotelmarina@gmail.com <\/span><\/a><\/p>\t\t\t\t<\/div>\n\t\t\t\t<\/div>\n\t\t\t\t<\/div>\n\t\t\t\t<\/div>\n\t\t\t\t<\/div>\n\t\t\t\t<\/div>\n\t\t\t\t<\/div>\n\t\t","protected":false},"excerpt":{"rendered":"<p>HOTEL MARINA Impressum Name TERRA REX dru\u0161tvo s ograni\u010denom odgovorno\u0161\u0107u za proizvodnju, trgovinu, usluge i turisti\u010dka agencija Address Trg Stare \u0161kole &#8211; Piazza Scuola vecchia 2, Fa\u017eana Company registered in Trgova\u010dki sud u Pazinu Registration number 080647803 OIB 15123395675 Share capital Temeljni kapital: \u20ac 311.890 Representative Ana D\u017eombi\u0107 Mej D\u017eombi\u0107 Popovi\u0107 SEASIDE HOTEL Do you [&hellip;]<\/p>\n","protected":false},"author":1,"featured_media":0,"parent":0,"menu_order":0,"comment_status":"closed","ping_status":"closed","template":"","meta":{"inline_featured_image":false,"footnotes":""},"class_list":["post-22","page","type-page","status-publish","hentry"],"yoast_head":"<!-- This site is optimized with the Yoast SEO plugin v27.2 - https:\/\/yoast.com\/product\/yoast-seo-wordpress\/ -->\n<title>Impressum - Hotel Marina<\/title>\n<meta name=\"description\" content=\"Find essential information and legal details about our seaview hotel in Fa\u017eana. Learn about our commitment to quality, privacy policies, and contact information. Experience luxury accommodations with stunning Adriatic views and exceptional service.\" \/>\n<meta name=\"robots\" content=\"index, follow, max-snippet:-1, max-image-preview:large, max-video-preview:-1\" \/>\n<link rel=\"canonical\" href=\"https:\/\/hotelmarinafazana.com\/hr\/impresum\/\" \/>\n<meta property=\"og:locale\" content=\"hr_HR\" \/>\n<meta property=\"og:type\" content=\"article\" \/>\n<meta property=\"og:title\" content=\"Impressum - Hotel Marina\" \/>\n<meta property=\"og:description\" content=\"Find essential information and legal details about our seaview hotel in Fa\u017eana. Learn about our commitment to quality, privacy policies, and contact information. Experience luxury accommodations with stunning Adriatic views and exceptional service.\" \/>\n<meta property=\"og:url\" content=\"https:\/\/hotelmarinafazana.com\/hr\/impresum\/\" \/>\n<meta property=\"og:site_name\" content=\"Hotel Marina\" \/>\n<meta property=\"article:publisher\" content=\"https:\/\/www.facebook.com\/profile.php?id=61557662340018\" \/>\n<meta property=\"article:modified_time\" content=\"2025-07-05T07:47:32+00:00\" \/>\n<meta property=\"og:image\" content=\"https:\/\/hotelmarinafazana.com\/wp-content\/uploads\/2024\/06\/about-slider-1.jpg\" \/>\n\t<meta property=\"og:image:width\" content=\"1206\" \/>\n\t<meta property=\"og:image:height\" content=\"802\" \/>\n\t<meta property=\"og:image:type\" content=\"image\/jpeg\" \/>\n<meta name=\"twitter:card\" content=\"summary_large_image\" \/>\n<meta name=\"twitter:label1\" content=\"Procijenjeno vrijeme \u010ditanja\" \/>\n\t<meta name=\"twitter:data1\" content=\"1 minuta\" \/>\n<script type=\"application\/ld+json\" class=\"yoast-schema-graph\">{\"@context\":\"https:\/\/schema.org\",\"@graph\":[{\"@type\":\"WebPage\",\"@id\":\"https:\/\/hotelmarinafazana.com\/impressum\/\",\"url\":\"https:\/\/hotelmarinafazana.com\/impressum\/\",\"name\":\"Impressum - Hotel Marina\",\"isPartOf\":{\"@id\":\"https:\/\/hotelmarinafazana.com\/#website\"},\"datePublished\":\"2024-06-20T08:26:45+00:00\",\"dateModified\":\"2025-07-05T07:47:32+00:00\",\"description\":\"Find essential information and legal details about our seaview hotel in Fa\u017eana. Learn about our commitment to quality, privacy policies, and contact information. Experience luxury accommodations with stunning Adriatic views and exceptional service.\",\"breadcrumb\":{\"@id\":\"https:\/\/hotelmarinafazana.com\/impressum\/#breadcrumb\"},\"inLanguage\":\"hr\",\"potentialAction\":[{\"@type\":\"ReadAction\",\"target\":[\"https:\/\/hotelmarinafazana.com\/impressum\/\"]}]},{\"@type\":\"BreadcrumbList\",\"@id\":\"https:\/\/hotelmarinafazana.com\/impressum\/#breadcrumb\",\"itemListElement\":[{\"@type\":\"ListItem\",\"position\":1,\"name\":\"Home\",\"item\":\"https:\/\/hotelmarinafazana.com\/\"},{\"@type\":\"ListItem\",\"position\":2,\"name\":\"Impressum\"}]},{\"@type\":\"WebSite\",\"@id\":\"https:\/\/hotelmarinafazana.com\/#website\",\"url\":\"https:\/\/hotelmarinafazana.com\/\",\"name\":\"Hotel Marina\",\"description\":\"\",\"publisher\":{\"@id\":\"https:\/\/hotelmarinafazana.com\/#organization\"},\"potentialAction\":[{\"@type\":\"SearchAction\",\"target\":{\"@type\":\"EntryPoint\",\"urlTemplate\":\"https:\/\/hotelmarinafazana.com\/?s={search_term_string}\"},\"query-input\":{\"@type\":\"PropertyValueSpecification\",\"valueRequired\":true,\"valueName\":\"search_term_string\"}}],\"inLanguage\":\"hr\"},{\"@type\":\"Organization\",\"@id\":\"https:\/\/hotelmarinafazana.com\/#organization\",\"name\":\"Hotel Marina\",\"url\":\"https:\/\/hotelmarinafazana.com\/\",\"logo\":{\"@type\":\"ImageObject\",\"inLanguage\":\"hr\",\"@id\":\"https:\/\/hotelmarinafazana.com\/#\/schema\/logo\/image\/\",\"url\":\"https:\/\/hotelmarinafazana.com\/wp-content\/uploads\/2024\/06\/logo-black.svg\",\"contentUrl\":\"https:\/\/hotelmarinafazana.com\/wp-content\/uploads\/2024\/06\/logo-black.svg\",\"width\":266,\"height\":153,\"caption\":\"Hotel Marina\"},\"image\":{\"@id\":\"https:\/\/hotelmarinafazana.com\/#\/schema\/logo\/image\/\"},\"sameAs\":[\"https:\/\/www.facebook.com\/profile.php?id=61557662340018\",\"https:\/\/www.instagram.com\/marina_fazana?utm_source=qr\"]}]}<\/script>\n<!-- \/ Yoast SEO plugin. -->","yoast_head_json":{"title":"Impressum - Hotel Marina","description":"Prona\u0111ite osnovne informacije i pravne detalje o na\u0161em hotelu s pogledom na more u Fa\u017eani. Saznajte vi\u0161e o na\u0161em anga\u017emanu prema kvaliteti, pravilima privatnosti i kontakt informacijama. Iskusite luksuzan smje\u0161taj s prekrasnim pogledom na Jadran i iznimnom uslugom.","robots":{"index":"index","follow":"follow","max-snippet":"max-snippet:-1","max-image-preview":"max-image-preview:large","max-video-preview":"max-video-preview:-1"},"canonical":"https:\/\/hotelmarinafazana.com\/hr\/impresum\/","og_locale":"hr_HR","og_type":"article","og_title":"Impressum - Hotel Marina","og_description":"Find essential information and legal details about our seaview hotel in Fa\u017eana. Learn about our commitment to quality, privacy policies, and contact information. Experience luxury accommodations with stunning Adriatic views and exceptional service.","og_url":"https:\/\/hotelmarinafazana.com\/hr\/impresum\/","og_site_name":"Hotel Marina","article_publisher":"https:\/\/www.facebook.com\/profile.php?id=61557662340018","article_modified_time":"2025-07-05T07:47:32+00:00","og_image":[{"width":1206,"height":802,"url":"https:\/\/hotelmarinafazana.com\/wp-content\/uploads\/2024\/06\/about-slider-1.jpg","type":"image\/jpeg"}],"twitter_card":"summary_large_image","twitter_misc":{"Procijenjeno vrijeme \u010ditanja":"1 minuta"},"schema":{"@context":"https:\/\/schema.org","@graph":[{"@type":"WebPage","@id":"https:\/\/hotelmarinafazana.com\/impressum\/","url":"https:\/\/hotelmarinafazana.com\/impressum\/","name":"Impressum - Hotel Marina","isPartOf":{"@id":"https:\/\/hotelmarinafazana.com\/#website"},"datePublished":"2024-06-20T08:26:45+00:00","dateModified":"2025-07-05T07:47:32+00:00","description":"Prona\u0111ite osnovne informacije i pravne detalje o na\u0161em hotelu s pogledom na more u Fa\u017eani. Saznajte vi\u0161e o na\u0161em anga\u017emanu prema kvaliteti, pravilima privatnosti i kontakt informacijama. Iskusite luksuzan smje\u0161taj s prekrasnim pogledom na Jadran i iznimnom uslugom.","breadcrumb":{"@id":"https:\/\/hotelmarinafazana.com\/impressum\/#breadcrumb"},"inLanguage":"hr","potentialAction":[{"@type":"ReadAction","target":["https:\/\/hotelmarinafazana.com\/impressum\/"]}]},{"@type":"BreadcrumbList","@id":"https:\/\/hotelmarinafazana.com\/impressum\/#breadcrumb","itemListElement":[{"@type":"ListItem","position":1,"name":"Home","item":"https:\/\/hotelmarinafazana.com\/"},{"@type":"ListItem","position":2,"name":"Impressum"}]},{"@type":"WebSite","@id":"https:\/\/hotelmarinafazana.com\/#website","url":"https:\/\/hotelmarinafazana.com\/","name":"Hotel Marina","description":"","publisher":{"@id":"https:\/\/hotelmarinafazana.com\/#organization"},"potentialAction":[{"@type":"SearchAction","target":{"@type":"EntryPoint","urlTemplate":"https:\/\/hotelmarinafazana.com\/?s={search_term_string}"},"query-input":{"@type":"PropertyValueSpecification","valueRequired":true,"valueName":"search_term_string"}}],"inLanguage":"hr"},{"@type":"Organization","@id":"https:\/\/hotelmarinafazana.com\/#organization","name":"Hotel Marina","url":"https:\/\/hotelmarinafazana.com\/","logo":{"@type":"ImageObject","inLanguage":"hr","@id":"https:\/\/hotelmarinafazana.com\/#\/schema\/logo\/image\/","url":"https:\/\/hotelmarinafazana.com\/wp-content\/uploads\/2024\/06\/logo-black.svg","contentUrl":"https:\/\/hotelmarinafazana.com\/wp-content\/uploads\/2024\/06\/logo-black.svg","width":266,"height":153,"caption":"Hotel Marina"},"image":{"@id":"https:\/\/hotelmarinafazana.com\/#\/schema\/logo\/image\/"},"sameAs":["https:\/\/www.facebook.com\/profile.php?id=61557662340018","https:\/\/www.instagram.com\/marina_fazana?utm_source=qr"]}]}},"_links":{"self":[{"href":"https:\/\/hotelmarinafazana.com\/hr\/wp-json\/wp\/v2\/pages\/22","targetHints":{"allow":["GET"]}}],"collection":[{"href":"https:\/\/hotelmarinafazana.com\/hr\/wp-json\/wp\/v2\/pages"}],"about":[{"href":"https:\/\/hotelmarinafazana.com\/hr\/wp-json\/wp\/v2\/types\/page"}],"author":[{"embeddable":true,"href":"https:\/\/hotelmarinafazana.com\/hr\/wp-json\/wp\/v2\/users\/1"}],"replies":[{"embeddable":true,"href":"https:\/\/hotelmarinafazana.com\/hr\/wp-json\/wp\/v2\/comments?post=22"}],"version-history":[{"count":9,"href":"https:\/\/hotelmarinafazana.com\/hr\/wp-json\/wp\/v2\/pages\/22\/revisions"}],"predecessor-version":[{"id":2418,"href":"https:\/\/hotelmarinafazana.com\/hr\/wp-json\/wp\/v2\/pages\/22\/revisions\/2418"}],"wp:attachment":[{"href":"https:\/\/hotelmarinafazana.com\/hr\/wp-json\/wp\/v2\/media?parent=22"}],"curies":[{"name":"wp","href":"https:\/\/api.w.org\/{rel}","templated":true}]}}